{"id":684,"date":"2021-07-26T07:49:29","date_gmt":"2021-07-26T07:49:29","guid":{"rendered":"http:\/\/glanzstation.de\/?page_id=684"},"modified":"2021-10-12T12:16:48","modified_gmt":"2021-10-12T12:16:48","slug":"pakete","status":"publish","type":"page","link":"https:\/\/glanzstation.de\/index.php\/pakete\/","title":{"rendered":"Leistungen"},"content":{"rendered":"\n<p>In einem <a href=\"http:\/\/glanzstation.de\/index.php\/kontakt\/\">individuellen Beratungsgespr\u00e4ch<\/a> kl\u00e4ren wir Ihr Anliegen bez\u00fcglich Ihres Fahrzeuges! Um ein Gef\u00fchl zu vermitteln, welche Leistungen wir anbieten haben wir Pakete geschn\u00fcrt. <\/p>\n\n\n\n<p>Vereinbaren Sie noch heute einen <a href=\"http:\/\/glanzstation.de\/index.php\/kontakt\/\">Termin<\/a> bei uns! Wir k\u00fcmmern uns ganz individuell um Ihre W\u00fcnsche und schn\u00fcren ein individuelles auf sie abgestimmtes Paket! Ob eine einfache Aufbereitung f\u00fcr den Verkauf oder Leasingr\u00fcckgabe, oder eine hochprofessionelle Wertsteigerung Ihres Oldtimer. Wir kennen uns aus!<\/p>\n\n\n\n<div id=\"rpt_pricr\" class=\"rpt_plans rpt_3_plans rpt_style_basic\"><div class=\" rpt_sm_subtitle rpt_xxsm_price\"><div class=\"rpt_plan  rpt_plugin_f rpt_plan_0  \"><div style=\"text-align:center;\" class=\"rpt_title rpt_title_0\">Basic<\/div><div class=\"rpt_head rpt_head_0\"><div class=\"rpt_price rpt_price_0\"><sup class=\"rpt_currency\"><\/sup>ab 349\u20ac<\/div><div style=\"color:#bf8970;\" class=\"rpt_subtitle rpt_subtitle_0\">Die einfach Variante<\/div><\/div><div class=\"rpt_features rpt_features_0\"><div style=\"color:black;\" class=\"rpt_feature rpt_feature_0-0\">Handw\u00e4sche\r<\/div><div style=\"color:black;\" class=\"rpt_feature rpt_feature_0-1\">Reinigung der Felgen und Radk\u00e4sten\r<\/div><div style=\"color:black;\" class=\"rpt_feature rpt_feature_0-2\">Reinigung der Glasfl\u00e4chen und Kunststoffe\r<\/div><div style=\"color:black;\" class=\"rpt_feature rpt_feature_0-3\">Innenraumreinigung (Basic)\r<\/div><div style=\"color:black;\" class=\"rpt_feature rpt_feature_0-4\">Kunststoffpflege im Au\u00dfen-\/ Innenbereich\r<\/div><div style=\"color:black;\" class=\"rpt_feature rpt_feature_0-5\">Reinigung mit Lackreinigungsknete\r<\/div><div style=\"color:black;\" class=\"rpt_feature rpt_feature_0-6\">Einstufige Hochglanzpolitur\r<\/div><div style=\"color:black;\" class=\"rpt_feature rpt_feature_0-7\">Wachsversiegelung\r<\/div><div style=\"color:black;\" class=\"rpt_feature rpt_feature_0-8\">Arbeitsaufwand ca. 15 Stunden<\/div><\/div><a target=\"_self\" href=\"http:\/\/glanzstation.de\/index.php\/kontakt\" style=\"background:#bf8970\" class=\"rpt_foot rpt_foot_0\">Anfrage senden<\/a><\/div><div class=\"rpt_plan  rpt_plugin_f rpt_plan_1  \"><div style=\"text-align:center;\" class=\"rpt_title rpt_title_1\">Premium<\/div><div class=\"rpt_head rpt_head_1\"><div class=\"rpt_price rpt_price_1\"><sup class=\"rpt_currency\"><\/sup>ab 699\u20ac<\/div><div style=\"color:#939393;\" class=\"rpt_subtitle rpt_subtitle_1\">F\u00fcr alle die mehr wollen<\/div><\/div><div class=\"rpt_features rpt_features_1\"><div style=\"color:black;\" class=\"rpt_feature rpt_feature_1-0\">Der gesamte Leistungsumfang aus Paket \u201eBasic\u201c \r<\/div><div style=\"color:black;\" class=\"rpt_feature rpt_feature_1-1\">Innenraumreinigung (Premium)\r<\/div><div style=\"color:black;\" class=\"rpt_feature rpt_feature_1-2\">Lederreinigung - Lederpflege \/ Polsterreinigung \u2013 Polsterpflege\r<\/div><div style=\"color:black;\" class=\"rpt_feature rpt_feature_1-3\">Reifen- und Gummipflege\r<\/div><div style=\"color:black;\" class=\"rpt_feature rpt_feature_1-4\">Zweistufige Hochglanzpolitur\r<\/div><div style=\"color:black;\" class=\"rpt_feature rpt_feature_1-5\">Polieren s\u00e4mtlicher Metallfl\u00e4chen sowie Auspuffrohre \r<\/div><div style=\"color:black;\" class=\"rpt_feature rpt_feature_1-6\">Keramische Lackversiegelung, Haltbarkeit ca. 16-24 Monate\r<\/div><div style=\"color:black;\" class=\"rpt_feature rpt_feature_1-7\">Arbeitsaufwand ca. 20 Stunden<\/div><\/div><a target=\"_self\" href=\"http:\/\/glanzstation.de\/index.php\/kontakt\" style=\"background:#939393\" class=\"rpt_foot rpt_foot_1\">Anfrage senden<\/a><\/div><div class=\"rpt_plan  rpt_plugin_f rpt_plan_2  \"><div style=\"text-align:center;\" class=\"rpt_title rpt_title_2\">Luxus<\/div><div class=\"rpt_head rpt_head_2\"><div class=\"rpt_price rpt_price_2\"><sup class=\"rpt_currency\"><\/sup>ab 999\u20ac<\/div><div style=\"color:#dd9700;\" class=\"rpt_subtitle rpt_subtitle_2\">Das volle Programm<\/div><\/div><div class=\"rpt_features rpt_features_2\"><div style=\"color:black;\" class=\"rpt_feature rpt_feature_2-0\">Der gesamte Leistungsumfang aus Paket \u201ePremium\u201c\r<\/div><div style=\"color:black;\" class=\"rpt_feature rpt_feature_2-1\">Innenraumreinigung (Luxus: Innenversiegelungen)\r<\/div><div style=\"color:black;\" class=\"rpt_feature rpt_feature_2-2\">Abschlie\u00dfender Hochglanzpoliervorgang f\u00fcr maximalen Glanz (dreistufiger Politurdurchgang)\r<\/div><div style=\"color:black;\" class=\"rpt_feature rpt_feature_2-3\">Keramische Scheibenversiegelung (Frontscheibe)\r<\/div><div style=\"color:black;\" class=\"rpt_feature rpt_feature_2-4\">Keramische Felgenversiegelung\r<\/div><div style=\"color:black;\" class=\"rpt_feature rpt_feature_2-5\">Keramische Lackversiegelung, Haltbarkeit ca. 24-30 Monate\r<\/div><div style=\"color:black;\" class=\"rpt_feature rpt_feature_2-6\">Arbeitsaufwand ca. 25 Stunden<\/div><\/div><a target=\"_self\" href=\"http:\/\/glanzstation.de\/index.php\/kontakt\" style=\"background:#dd9700\" class=\"rpt_foot rpt_foot_2\">Anfrage senden<\/a><\/div><\/div><\/div><div style=\"clear:both;\"><\/div>\n","protected":false},"excerpt":{"rendered":"<p>In einem individuellen Beratungsgespr\u00e4ch kl\u00e4ren wir Ihr Anliegen bez\u00fcglich Ihres Fahrzeuges! Um ein Gef\u00fchl zu vermitteln, welche Leistungen wir anbieten haben wir Pakete geschn\u00fcrt. Vereinbaren Sie noch heute einen Termin bei uns! Wir k\u00fcmmern uns ganz individuell um Ihre W\u00fcnsche und schn\u00fcren ein individuelles auf sie abgestimmtes Paket! Ob eine einfache Aufbereitung f\u00fcr den Verkauf [&hellip;]<\/p>\n","protected":false},"author":4,"featured_media":828,"parent":0,"menu_order":0,"comment_status":"closed","ping_status":"closed","template":"","meta":{"footnotes":""},"class_list":["post-684","page","type-page","status-publish","has-post-thumbnail","hentry"],"yoast_head":"<!-- This site is optimized with the Yoast SEO plugin v27.5 - https:\/\/yoast.com\/product\/yoast-seo-wordpress\/ -->\n<title>Leistungen - Glanzstation<\/title>\n<meta name=\"robots\" content=\"noindex, follow\" \/>\n<meta property=\"og:locale\" content=\"de_DE\" \/>\n<meta property=\"og:type\" content=\"article\" \/>\n<meta property=\"og:title\" content=\"Leistungen - Glanzstation\" \/>\n<meta property=\"og:description\" content=\"In einem individuellen Beratungsgespr\u00e4ch kl\u00e4ren wir Ihr Anliegen bez\u00fcglich Ihres Fahrzeuges! Um ein Gef\u00fchl zu vermitteln, welche Leistungen wir anbieten haben wir Pakete geschn\u00fcrt. Vereinbaren Sie noch heute einen Termin bei uns! Wir k\u00fcmmern uns ganz individuell um Ihre W\u00fcnsche und schn\u00fcren ein individuelles auf sie abgestimmtes Paket! Ob eine einfache Aufbereitung f\u00fcr den Verkauf [&hellip;]\" \/>\n<meta property=\"og:url\" content=\"https:\/\/glanzstation.de\/index.php\/pakete\/\" \/>\n<meta property=\"og:site_name\" content=\"Glanzstation\" \/>\n<meta property=\"article:modified_time\" content=\"2021-10-12T12:16:48+00:00\" \/>\n<meta property=\"og:image\" content=\"https:\/\/glanzstation.de\/wp-content\/uploads\/2021\/07\/2A4CD8D1-C239-405D-8010-6B4A541926BF.jpeg\" \/>\n\t<meta property=\"og:image:width\" content=\"2100\" \/>\n\t<meta property=\"og:image:height\" content=\"1575\" \/>\n\t<meta property=\"og:image:type\" content=\"image\/jpeg\" \/>\n<meta name=\"twitter:card\" content=\"summary_large_image\" \/>\n<meta name=\"twitter:label1\" content=\"Gesch\u00e4tzte Lesezeit\" \/>\n\t<meta name=\"twitter:data1\" content=\"1\u00a0Minute\" \/>\n<script type=\"application\/ld+json\" class=\"yoast-schema-graph\">{\"@context\":\"https:\\\/\\\/schema.org\",\"@graph\":[{\"@type\":\"WebPage\",\"@id\":\"https:\\\/\\\/glanzstation.de\\\/index.php\\\/pakete\\\/\",\"url\":\"https:\\\/\\\/glanzstation.de\\\/index.php\\\/pakete\\\/\",\"name\":\"Leistungen - Glanzstation\",\"isPartOf\":{\"@id\":\"\\\/#website\"},\"primaryImageOfPage\":{\"@id\":\"https:\\\/\\\/glanzstation.de\\\/index.php\\\/pakete\\\/#primaryimage\"},\"image\":{\"@id\":\"https:\\\/\\\/glanzstation.de\\\/index.php\\\/pakete\\\/#primaryimage\"},\"thumbnailUrl\":\"https:\\\/\\\/glanzstation.de\\\/wp-content\\\/uploads\\\/2021\\\/07\\\/2A4CD8D1-C239-405D-8010-6B4A541926BF.jpeg\",\"datePublished\":\"2021-07-26T07:49:29+00:00\",\"dateModified\":\"2021-10-12T12:16:48+00:00\",\"inLanguage\":\"de\",\"potentialAction\":[{\"@type\":\"ReadAction\",\"target\":[\"https:\\\/\\\/glanzstation.de\\\/index.php\\\/pakete\\\/\"]}]},{\"@type\":\"ImageObject\",\"inLanguage\":\"de\",\"@id\":\"https:\\\/\\\/glanzstation.de\\\/index.php\\\/pakete\\\/#primaryimage\",\"url\":\"https:\\\/\\\/glanzstation.de\\\/wp-content\\\/uploads\\\/2021\\\/07\\\/2A4CD8D1-C239-405D-8010-6B4A541926BF.jpeg\",\"contentUrl\":\"https:\\\/\\\/glanzstation.de\\\/wp-content\\\/uploads\\\/2021\\\/07\\\/2A4CD8D1-C239-405D-8010-6B4A541926BF.jpeg\",\"width\":2100,\"height\":1575},{\"@type\":\"WebSite\",\"@id\":\"\\\/#website\",\"url\":\"\\\/\",\"name\":\"Glanzstation\",\"description\":\"Professionelle Fahrzeugpflege und Aufbereitung\",\"publisher\":{\"@id\":\"\\\/#organization\"},\"potentialAction\":[{\"@type\":\"SearchAction\",\"target\":{\"@type\":\"EntryPoint\",\"urlTemplate\":\"\\\/?s={search_term_string}\"},\"query-input\":{\"@type\":\"PropertyValueSpecification\",\"valueRequired\":true,\"valueName\":\"search_term_string\"}}],\"inLanguage\":\"de\"},{\"@type\":\"Organization\",\"@id\":\"\\\/#organization\",\"name\":\"Glanzstation\",\"url\":\"\\\/\",\"logo\":{\"@type\":\"ImageObject\",\"inLanguage\":\"de\",\"@id\":\"\\\/#\\\/schema\\\/logo\\\/image\\\/\",\"url\":\"https:\\\/\\\/glanzstation.de\\\/wp-content\\\/uploads\\\/2021\\\/04\\\/logo200_t.png\",\"contentUrl\":\"https:\\\/\\\/glanzstation.de\\\/wp-content\\\/uploads\\\/2021\\\/04\\\/logo200_t.png\",\"width\":200,\"height\":88,\"caption\":\"Glanzstation\"},\"image\":{\"@id\":\"\\\/#\\\/schema\\\/logo\\\/image\\\/\"}}]}<\/script>\n<!-- \/ Yoast SEO plugin. -->","yoast_head_json":{"title":"Leistungen - Glanzstation","robots":{"index":"noindex","follow":"follow"},"og_locale":"de_DE","og_type":"article","og_title":"Leistungen - Glanzstation","og_description":"In einem individuellen Beratungsgespr\u00e4ch kl\u00e4ren wir Ihr Anliegen bez\u00fcglich Ihres Fahrzeuges! Um ein Gef\u00fchl zu vermitteln, welche Leistungen wir anbieten haben wir Pakete geschn\u00fcrt. Vereinbaren Sie noch heute einen Termin bei uns! Wir k\u00fcmmern uns ganz individuell um Ihre W\u00fcnsche und schn\u00fcren ein individuelles auf sie abgestimmtes Paket! Ob eine einfache Aufbereitung f\u00fcr den Verkauf [&hellip;]","og_url":"https:\/\/glanzstation.de\/index.php\/pakete\/","og_site_name":"Glanzstation","article_modified_time":"2021-10-12T12:16:48+00:00","og_image":[{"width":2100,"height":1575,"url":"https:\/\/glanzstation.de\/wp-content\/uploads\/2021\/07\/2A4CD8D1-C239-405D-8010-6B4A541926BF.jpeg","type":"image\/jpeg"}],"twitter_card":"summary_large_image","twitter_misc":{"Gesch\u00e4tzte Lesezeit":"1\u00a0Minute"},"schema":{"@context":"https:\/\/schema.org","@graph":[{"@type":"WebPage","@id":"https:\/\/glanzstation.de\/index.php\/pakete\/","url":"https:\/\/glanzstation.de\/index.php\/pakete\/","name":"Leistungen - Glanzstation","isPartOf":{"@id":"\/#website"},"primaryImageOfPage":{"@id":"https:\/\/glanzstation.de\/index.php\/pakete\/#primaryimage"},"image":{"@id":"https:\/\/glanzstation.de\/index.php\/pakete\/#primaryimage"},"thumbnailUrl":"https:\/\/glanzstation.de\/wp-content\/uploads\/2021\/07\/2A4CD8D1-C239-405D-8010-6B4A541926BF.jpeg","datePublished":"2021-07-26T07:49:29+00:00","dateModified":"2021-10-12T12:16:48+00:00","inLanguage":"de","potentialAction":[{"@type":"ReadAction","target":["https:\/\/glanzstation.de\/index.php\/pakete\/"]}]},{"@type":"ImageObject","inLanguage":"de","@id":"https:\/\/glanzstation.de\/index.php\/pakete\/#primaryimage","url":"https:\/\/glanzstation.de\/wp-content\/uploads\/2021\/07\/2A4CD8D1-C239-405D-8010-6B4A541926BF.jpeg","contentUrl":"https:\/\/glanzstation.de\/wp-content\/uploads\/2021\/07\/2A4CD8D1-C239-405D-8010-6B4A541926BF.jpeg","width":2100,"height":1575},{"@type":"WebSite","@id":"\/#website","url":"\/","name":"Glanzstation","description":"Professionelle Fahrzeugpflege und Aufbereitung","publisher":{"@id":"\/#organization"},"potentialAction":[{"@type":"SearchAction","target":{"@type":"EntryPoint","urlTemplate":"\/?s={search_term_string}"},"query-input":{"@type":"PropertyValueSpecification","valueRequired":true,"valueName":"search_term_string"}}],"inLanguage":"de"},{"@type":"Organization","@id":"\/#organization","name":"Glanzstation","url":"\/","logo":{"@type":"ImageObject","inLanguage":"de","@id":"\/#\/schema\/logo\/image\/","url":"https:\/\/glanzstation.de\/wp-content\/uploads\/2021\/04\/logo200_t.png","contentUrl":"https:\/\/glanzstation.de\/wp-content\/uploads\/2021\/04\/logo200_t.png","width":200,"height":88,"caption":"Glanzstation"},"image":{"@id":"\/#\/schema\/logo\/image\/"}}]}},"jetpack_sharing_enabled":true,"_links":{"self":[{"href":"https:\/\/glanzstation.de\/index.php\/wp-json\/wp\/v2\/pages\/684","targetHints":{"allow":["GET"]}}],"collection":[{"href":"https:\/\/glanzstation.de\/index.php\/wp-json\/wp\/v2\/pages"}],"about":[{"href":"https:\/\/glanzstation.de\/index.php\/wp-json\/wp\/v2\/types\/page"}],"author":[{"embeddable":true,"href":"https:\/\/glanzstation.de\/index.php\/wp-json\/wp\/v2\/users\/4"}],"replies":[{"embeddable":true,"href":"https:\/\/glanzstation.de\/index.php\/wp-json\/wp\/v2\/comments?post=684"}],"version-history":[{"count":10,"href":"https:\/\/glanzstation.de\/index.php\/wp-json\/wp\/v2\/pages\/684\/revisions"}],"predecessor-version":[{"id":863,"href":"https:\/\/glanzstation.de\/index.php\/wp-json\/wp\/v2\/pages\/684\/revisions\/863"}],"wp:featuredmedia":[{"embeddable":true,"href":"https:\/\/glanzstation.de\/index.php\/wp-json\/wp\/v2\/media\/828"}],"wp:attachment":[{"href":"https:\/\/glanzstation.de\/index.php\/wp-json\/wp\/v2\/media?parent=684"}],"curies":[{"name":"wp","href":"https:\/\/api.w.org\/{rel}","templated":true}]}}