{"id":2,"date":"2021-04-29T18:26:22","date_gmt":"2021-04-29T18:26:22","guid":{"rendered":"http:\/\/glanzstation.de\/?page_id=2"},"modified":"2024-06-25T10:31:39","modified_gmt":"2024-06-25T10:31:39","slug":"sample-page","status":"publish","type":"page","link":"https:\/\/glanzstation.de\/","title":{"rendered":"Willkommen bei der GlanzStation"},"content":{"rendered":"\t\t<div data-elementor-type=\"wp-page\" data-elementor-id=\"2\" class=\"elementor elementor-2\">\n\t\t\t\t\t\t<section class=\"elementor-section elementor-top-section elementor-element elementor-element-7ab60b7 elementor-section-boxed elementor-section-height-default elementor-section-height-default\" data-id=\"7ab60b7\" data-element_type=\"section\" data-e-type=\"section\">\n\t\t\t\t\t\t<div class=\"elementor-container elementor-column-gap-default\">\n\t\t\t\t\t<div class=\"elementor-column elementor-col-100 elementor-top-column elementor-element elementor-element-3095c36\" data-id=\"3095c36\" data-element_type=\"column\" data-e-type=\"column\">\n\t\t\t<div class=\"elementor-widget-wrap elementor-element-populated\">\n\t\t\t\t\t\t<div class=\"elementor-element elementor-element-75434c12 elementor-widget elementor-widget-text-editor\" data-id=\"75434c12\" data-element_type=\"widget\" data-e-type=\"widget\" data-widget_type=\"text-editor.default\">\n\t\t\t\t<div class=\"elementor-widget-container\">\n\t\t\t\t\t\t\t\t\t<p><\/p>\n<p>Egal ob zwei oder vier R\u00e4der, ob 400 Pferdest\u00e4rken oder 7,5 Tonnen, Alltagsfahrzeug oder Freizeitmobil, wir k\u00fcmmern uns bei Ihrem Fahrzeug um den Aspekt den wir unsere K\u00f6nigsdisziplin nennen: <strong>ein gl\u00e4nzendes Ergebnis!<\/strong><\/p>\n<p><strong><br><\/strong><\/p>\n<p><\/p>\n<p><strong>Lackaufbereitung<\/strong> &#8211; <em>Wir frischen jeden Lack jeden Alters auf!<\/em><\/p>\n<p><strong style=\"color: var( --e-global-color-text ); font-family: var( --e-global-typography-text-font-family ), Sans-serif;\">Versiegelung<\/strong><span style=\"color: var( --e-global-color-text ); font-family: var( --e-global-typography-text-font-family ), Sans-serif; font-weight: var( --e-global-typography-text-font-weight );\"> &#8211; <\/span><em style=\"color: var( --e-global-color-text ); font-family: var( --e-global-typography-text-font-family ), Sans-serif; font-weight: var( --e-global-typography-text-font-weight );\">Keramikversiegelung auf h\u00f6chstem Niveau in perfektionistischer Qualit\u00e4t<\/em><\/p>\n<p><strong>Trockeneisreinigung<\/strong> &#8211; <i>Trockeneisreinigung<\/i><em>&nbsp;mit -78\u00b0C (CO2) f\u00fcr eine umweltfreundliche Reinigung&nbsp;<\/em><\/p>\n<p><strong style=\"color: var( --e-global-color-text ); font-family: var( --e-global-typography-text-font-family ), Sans-serif;\">Innenreinigung<\/strong><span style=\"color: var( --e-global-color-text ); font-family: var( --e-global-typography-text-font-family ), Sans-serif; font-weight: var( --e-global-typography-text-font-weight );\"> &#8211; <\/span><em style=\"color: var( --e-global-color-text ); font-family: var( --e-global-typography-text-font-family ), Sans-serif; font-weight: var( --e-global-typography-text-font-weight );\">Intensive und materialgerechte Reinigung aller Oberfl\u00e4chen<\/em><\/p>\n<p><strong>Leder- und Polsterpflege<\/strong> &#8211; <em>Sitze und Applikationen wieder wie neu!<\/em><\/p>\n<p><strong style=\"color: var( --e-global-color-text ); font-family: var( --e-global-typography-text-font-family ), Sans-serif;\">Werterhaltung ihres Fahrzeugs<\/strong><span style=\"color: var( --e-global-color-text ); font-family: var( --e-global-typography-text-font-family ), Sans-serif; font-weight: var( --e-global-typography-text-font-weight );\"> &#8211; <\/span><em style=\"color: var( --e-global-color-text ); font-family: var( --e-global-typography-text-font-family ), Sans-serif; font-weight: var( --e-global-typography-text-font-weight );\">Erh\u00f6hung des Wiederverkaufswertes ihres KFZs<\/em><\/p>\n<p><em style=\"color: var( --e-global-color-text ); font-family: var( --e-global-typography-text-font-family ), Sans-serif; font-weight: var( --e-global-typography-text-font-weight );\"><br><\/em><\/p>\n<p><\/p>\n<p><a href=\"http:\/\/glanzstation.de\/index.php\/kontakt\/\">Kontaktieren<\/a> Sie uns f\u00fcr eine individuelle Beratung oder werfen Sie einen Blick auf unserer <a href=\"http:\/\/glanzstation.de\/index.php\/pakete\/\">Paketangebote<\/a>!<\/p>\n<p><\/p>\n<p>Wir verwenden ausschlie\u00dflich hochwertige Produkte namhafter Hersteller, welche unserem hohem Qualit\u00e4tsstandard widerspiegelt.<\/p>\n<p><\/p>\n<hr>\n<p><\/p>\n<h3 class=\"wp-block-heading\">Unsere Marken, Produkte und Partner<\/h3>\n<p><\/p>\n<p><\/p>\n<p><div class='white' style='background:rgba(0,0,0,0); border:solid 0px rgba(0,0,0,0); border-radius:0px; padding:0px 0px 0px 0px;'>\n<div id='slider_662' class='owl-carousel sa_owl_theme owl-pagination-true autohide-arrows' data-slider-id='slider_662' style='visibility:hidden;'>\n<div id='slider_662_slide01' class='sa_hover_container sa_vert_center_wrap' style='padding:4% 4%; margin:0px 0%; background-image:url(&quot;https:\/\/glanzstation.de\/wp-content\/uploads\/2021\/07\/servfaces_logo.png&quot;); background-position:center center; background-size:contain; background-repeat:no-repeat; '><div class='sa_hover_buttons' style='top:50%; left:50%; margin-top:-20px; margin-left:-20px;'><a class='sa_slide_link_icon' href='https:\/\/servfaces.de\/' target='_blank' title='' aria-label=''><\/a><\/div>\n<div class='sa_vert_center'><\/div><\/div>\n<div id='slider_662_slide02' class='sa_hover_container sa_vert_center_wrap' style='padding:4% 4%; margin:0px 0%; background-image:url(&quot;https:\/\/glanzstation.de\/wp-content\/uploads\/2021\/07\/scholl_logo.png&quot;); background-position:center center; background-size:contain; background-repeat:no-repeat; '><div class='sa_hover_buttons' style='top:50%; left:50%; margin-top:-20px; margin-left:-20px;'><a class='sa_slide_link_icon' href='https:\/\/www.schollconcepts.com\/' target='_blank' title='' aria-label=''><\/a><\/div>\n<div class='sa_vert_center'><\/div><\/div>\n<div id='slider_662_slide03' class='sa_hover_container sa_vert_center_wrap' style='padding:4% 4%; margin:0px 0%; background-image:url(&quot;https:\/\/glanzstation.de\/wp-content\/uploads\/2021\/07\/flex_logo.png&quot;); background-position:center center; background-size:contain; background-repeat:no-repeat; '><div class='sa_hover_buttons' style='top:50%; left:50%; margin-top:-20px; margin-left:-20px;'><a class='sa_slide_link_icon' href='https:\/\/www.flex-tools.com\/' target='_blank' title='' aria-label=''><\/a><\/div>\n<div class='sa_vert_center'><\/div><\/div>\n<div id='slider_662_slide04' class='sa_hover_container sa_vert_center_wrap' style='padding:4% 4%; margin:0px 0%; background-image:url(&quot;https:\/\/glanzstation.de\/wp-content\/uploads\/2021\/07\/sonax_logo.png&quot;); background-position:center center; background-size:contain; background-repeat:no-repeat; '><div class='sa_hover_buttons' style='top:50%; left:50%; margin-top:-20px; margin-left:-20px;'><a class='sa_slide_link_icon' href='https:\/\/www.sonax.de\/' target='_blank' title='' aria-label=''><\/a><\/div>\n<div class='sa_vert_center'><\/div><\/div>\n<div id='slider_662_slide05' class='sa_hover_container sa_vert_center_wrap' style='padding:4% 4%; margin:0px 0%; background-image:url(&quot;https:\/\/glanzstation.de\/wp-content\/uploads\/2023\/04\/Installer-logo-black.jpg&quot;); background-position:center center; background-size:contain; background-repeat:no-repeat; '><div class='sa_hover_buttons' style='top:50%; left:50%; margin-top:-20px; margin-left:-20px;'><a class='sa_slide_link_icon' href='https:\/\/artdeshine.eu\/' target='_blank' title='' aria-label=''><\/a><\/div>\n<div class='sa_vert_center'><\/div><\/div>\n<div id='slider_662_slide06' class='sa_hover_container sa_vert_center_wrap' style='padding:4% 4%; margin:0px 0%; background-image:url(&quot;https:\/\/glanzstation.de\/wp-content\/uploads\/2022\/02\/meinlenkrad.png&quot;); background-position:center center; background-size:contain; background-repeat:no-repeat; '><div class='sa_hover_buttons' style='top:50%; left:50%; margin-top:-20px; margin-left:-20px;'><a class='sa_slide_link_icon' href='https:\/\/meinlenkrad.de\/' target='_blank' title='' aria-label=''><\/a><\/div>\n<div class='sa_vert_center'><\/div><\/div>\n<div id='slider_662_slide07' class='sa_hover_container sa_vert_center_wrap' style='padding:4% 4%; margin:0px 0%; background-image:url(&quot;https:\/\/glanzstation.de\/wp-content\/uploads\/2023\/05\/reflected_logo.png&quot;); background-position:center center; background-size:100% auto; background-repeat:no-repeat; '><div class='sa_hover_buttons' style='top:50%; left:50%; margin-top:-20px; margin-left:-20px;'><a class='sa_slide_link_icon' href='https:\/\/detailingverliebt.de\/' target='_blank' title='' aria-label=''><\/a><\/div>\n<div class='sa_vert_center'><\/div><\/div>\n<\/div>\n<\/div>\n<script type='text\/javascript'>\n\tjQuery(document).ready(function() {\n\t\tjQuery('#slider_662').owlCarousel({\n\t\t\tresponsive:{\n\t\t\t\t0:{ items:1 },\n\t\t\t\t480:{ items:1 },\n\t\t\t\t768:{ items:1 },\n\t\t\t\t980:{ items:2 },\n\t\t\t\t1200:{ items:2 },\n\t\t\t\t1500:{ items:2 }\n\t\t\t},\n\t\t\tautoplay : true,\n\t\t\tautoplayTimeout : 5000,\n\t\t\tautoplayHoverPause : true,\n\t\t\tsmartSpeed : 0,\n\t\t\tfluidSpeed : 0,\n\t\t\tautoplaySpeed : 0,\n\t\t\tnavSpeed : 0,\n\t\t\tdotsSpeed : 0,\n\t\t\tloop : true,\n\t\t\tnav : true,\n\t\t\tnavText : ['Previous','Next'],\n\t\t\tdots : true,\n\t\t\tresponsiveRefreshRate : 200,\n\t\t\tslideBy : 1,\n\t\t\tmergeFit : true,\n\t\t\tautoHeight : false,\n\t\t\tmouseDrag : false,\n\t\t\ttouchDrag : true\n\t\t});\n\t\tjQuery('#slider_662').css('visibility', 'visible');\n\t\tsa_resize_slider_662();\n\t\twindow.addEventListener('resize', sa_resize_slider_662);\n\t\tfunction sa_resize_slider_662() {\n\t\t\tvar min_height = '65';\n\t\t\tvar win_width = jQuery(window).width();\n\t\t\tvar slider_width = jQuery('#slider_662').width();\n\t\t\tif (win_width < 480) {\n\t\t\t\tvar slide_width = slider_width \/ 1;\n\t\t\t} else if (win_width < 768) {\n\t\t\t\tvar slide_width = slider_width \/ 1;\n\t\t\t} else if (win_width < 980) {\n\t\t\t\tvar slide_width = slider_width \/ 1;\n\t\t\t} else if (win_width < 1200) {\n\t\t\t\tvar slide_width = slider_width \/ 2;\n\t\t\t} else if (win_width < 1500) {\n\t\t\t\tvar slide_width = slider_width \/ 2;\n\t\t\t} else {\n\t\t\t\tvar slide_width = slider_width \/ 2;\n\t\t\t}\n\t\t\tslide_width = Math.round(slide_width);\n\t\t\tvar slide_height = '0';\n\t\t\tif (min_height == 'aspect43') {\n\t\t\t\tslide_height = (slide_width \/ 4) * 3;\t\t\t\tslide_height = Math.round(slide_height);\n\t\t\t} else if (min_height == 'aspect169') {\n\t\t\t\tslide_height = (slide_width \/ 16) * 9;\t\t\t\tslide_height = Math.round(slide_height);\n\t\t\t} else {\n\t\t\t\tslide_height = (slide_width \/ 100) * min_height;\t\t\t\tslide_height = Math.round(slide_height);\n\t\t\t}\n\t\t\tjQuery('#slider_662 .owl-item .sa_hover_container').css('min-height', slide_height+'px');\n\t\t}\n\t\tvar owl_goto = jQuery('#slider_662');\n\t\tjQuery('.slider_662_goto1').click(function(event){\n\t\t\towl_goto.trigger('to.owl.carousel', 0);\n\t\t});\n\t\tjQuery('.slider_662_goto2').click(function(event){\n\t\t\towl_goto.trigger('to.owl.carousel', 1);\n\t\t});\n\t\tjQuery('.slider_662_goto3').click(function(event){\n\t\t\towl_goto.trigger('to.owl.carousel', 2);\n\t\t});\n\t\tjQuery('.slider_662_goto4').click(function(event){\n\t\t\towl_goto.trigger('to.owl.carousel', 3);\n\t\t});\n\t\tjQuery('.slider_662_goto5').click(function(event){\n\t\t\towl_goto.trigger('to.owl.carousel', 4);\n\t\t});\n\t\tjQuery('.slider_662_goto6').click(function(event){\n\t\t\towl_goto.trigger('to.owl.carousel', 5);\n\t\t});\n\t\tjQuery('.slider_662_goto7').click(function(event){\n\t\t\towl_goto.trigger('to.owl.carousel', 6);\n\t\t});\n\t\tvar resize_662 = jQuery('.owl-carousel');\n\t\tresize_662.on('initialized.owl.carousel', function(e) {\n\t\t\tif (typeof(Event) === 'function') {\n\t\t\t\twindow.dispatchEvent(new Event('resize'));\n\t\t\t} else {\n\t\t\t\tvar evt = window.document.createEvent('UIEvents');\n\t\t\t\tevt.initUIEvent('resize', true, false, window, 0);\n\t\t\t\twindow.dispatchEvent(evt);\n\t\t\t}\n\t\t});\n\t});\n<\/script>\n<\/p>\n<p><\/p>\n<hr>\n<p><\/p>\t\t\t\t\t\t\t\t<\/div>\n\t\t\t\t<\/div>\n\t\t\t\t\t<\/div>\n\t\t<\/div>\n\t\t\t\t\t<\/div>\n\t\t<\/section>\n\t\t\t\t<\/div>\n\t\t","protected":false},"excerpt":{"rendered":"<p>Egal ob zwei oder vier R\u00e4der, ob 400 Pferdest\u00e4rken oder 7,5 Tonnen, Alltagsfahrzeug oder Freizeitmobil, wir k\u00fcmmern uns bei Ihrem Fahrzeug um den Aspekt den wir unsere K\u00f6nigsdisziplin nennen: ein gl\u00e4nzendes Ergebnis! Lackaufbereitung &#8211; Wir frischen jeden Lack jeden Alters auf! Versiegelung &#8211; Keramikversiegelung auf h\u00f6chstem Niveau in perfektionistischer Qualit\u00e4t Trockeneisreinigung &#8211; Trockeneisreinigung&nbsp;mit -78\u00b0C (CO2) [&hellip;]<\/p>\n","protected":false},"author":4,"featured_media":602,"parent":0,"menu_order":0,"comment_status":"closed","ping_status":"open","template":"","meta":{"footnotes":""},"class_list":["post-2","page","type-page","status-publish","has-post-thumbnail","hentry"],"yoast_head":"<!-- This site is optimized with the Yoast SEO plugin v27.6 - https:\/\/yoast.com\/product\/yoast-seo-wordpress\/ -->\n<title>Willkommen bei der GlanzStation - Glanzstation<\/title>\n<meta name=\"robots\" content=\"noindex, follow\" \/>\n<meta property=\"og:locale\" content=\"de_DE\" \/>\n<meta property=\"og:type\" content=\"article\" \/>\n<meta property=\"og:title\" content=\"Willkommen bei der GlanzStation - Glanzstation\" \/>\n<meta property=\"og:description\" content=\"Egal ob zwei oder vier R\u00e4der, ob 400 Pferdest\u00e4rken oder 7,5 Tonnen, Alltagsfahrzeug oder Freizeitmobil, wir k\u00fcmmern uns bei Ihrem Fahrzeug um den Aspekt den wir unsere K\u00f6nigsdisziplin nennen: ein gl\u00e4nzendes Ergebnis! Lackaufbereitung &#8211; Wir frischen jeden Lack jeden Alters auf! Versiegelung &#8211; Keramikversiegelung auf h\u00f6chstem Niveau in perfektionistischer Qualit\u00e4t Trockeneisreinigung &#8211; Trockeneisreinigung&nbsp;mit -78\u00b0C (CO2) [&hellip;]\" \/>\n<meta property=\"og:url\" content=\"https:\/\/glanzstation.de\/\" \/>\n<meta property=\"og:site_name\" content=\"Glanzstation\" \/>\n<meta property=\"article:modified_time\" content=\"2024-06-25T10:31:39+00:00\" \/>\n<meta property=\"og:image\" content=\"http:\/\/glanzstation.de\/wp-content\/uploads\/2021\/05\/118949788_712365632685583_8974519789172613121_n.jpg\" \/>\n\t<meta property=\"og:image:width\" content=\"1440\" \/>\n\t<meta property=\"og:image:height\" content=\"1081\" \/>\n\t<meta property=\"og:image:type\" content=\"image\/jpeg\" \/>\n<meta name=\"twitter:card\" content=\"summary_large_image\" \/>\n<meta name=\"twitter:label1\" content=\"Gesch\u00e4tzte Lesezeit\" \/>\n\t<meta name=\"twitter:data1\" content=\"1\u00a0Minute\" \/>\n<script type=\"application\/ld+json\" class=\"yoast-schema-graph\">{\"@context\":\"https:\\\/\\\/schema.org\",\"@graph\":[{\"@type\":\"WebPage\",\"@id\":\"https:\\\/\\\/glanzstation.de\\\/\",\"url\":\"https:\\\/\\\/glanzstation.de\\\/\",\"name\":\"Willkommen bei der GlanzStation - Glanzstation\",\"isPartOf\":{\"@id\":\"\\\/#website\"},\"primaryImageOfPage\":{\"@id\":\"https:\\\/\\\/glanzstation.de\\\/#primaryimage\"},\"image\":{\"@id\":\"https:\\\/\\\/glanzstation.de\\\/#primaryimage\"},\"thumbnailUrl\":\"https:\\\/\\\/glanzstation.de\\\/wp-content\\\/uploads\\\/2021\\\/05\\\/118949788_712365632685583_8974519789172613121_n.jpg\",\"datePublished\":\"2021-04-29T18:26:22+00:00\",\"dateModified\":\"2024-06-25T10:31:39+00:00\",\"inLanguage\":\"de\",\"potentialAction\":[{\"@type\":\"ReadAction\",\"target\":[\"https:\\\/\\\/glanzstation.de\\\/\"]}]},{\"@type\":\"ImageObject\",\"inLanguage\":\"de\",\"@id\":\"https:\\\/\\\/glanzstation.de\\\/#primaryimage\",\"url\":\"https:\\\/\\\/glanzstation.de\\\/wp-content\\\/uploads\\\/2021\\\/05\\\/118949788_712365632685583_8974519789172613121_n.jpg\",\"contentUrl\":\"https:\\\/\\\/glanzstation.de\\\/wp-content\\\/uploads\\\/2021\\\/05\\\/118949788_712365632685583_8974519789172613121_n.jpg\",\"width\":1440,\"height\":1081},{\"@type\":\"WebSite\",\"@id\":\"\\\/#website\",\"url\":\"\\\/\",\"name\":\"Glanzstation\",\"description\":\"Professionelle Fahrzeugpflege und Aufbereitung\",\"publisher\":{\"@id\":\"\\\/#organization\"},\"potentialAction\":[{\"@type\":\"SearchAction\",\"target\":{\"@type\":\"EntryPoint\",\"urlTemplate\":\"\\\/?s={search_term_string}\"},\"query-input\":{\"@type\":\"PropertyValueSpecification\",\"valueRequired\":true,\"valueName\":\"search_term_string\"}}],\"inLanguage\":\"de\"},{\"@type\":\"Organization\",\"@id\":\"\\\/#organization\",\"name\":\"Glanzstation\",\"url\":\"\\\/\",\"logo\":{\"@type\":\"ImageObject\",\"inLanguage\":\"de\",\"@id\":\"\\\/#\\\/schema\\\/logo\\\/image\\\/\",\"url\":\"https:\\\/\\\/glanzstation.de\\\/wp-content\\\/uploads\\\/2021\\\/04\\\/logo200_t.png\",\"contentUrl\":\"https:\\\/\\\/glanzstation.de\\\/wp-content\\\/uploads\\\/2021\\\/04\\\/logo200_t.png\",\"width\":200,\"height\":88,\"caption\":\"Glanzstation\"},\"image\":{\"@id\":\"\\\/#\\\/schema\\\/logo\\\/image\\\/\"}}]}<\/script>\n<!-- \/ Yoast SEO plugin. -->","yoast_head_json":{"title":"Willkommen bei der GlanzStation - Glanzstation","robots":{"index":"noindex","follow":"follow"},"og_locale":"de_DE","og_type":"article","og_title":"Willkommen bei der GlanzStation - Glanzstation","og_description":"Egal ob zwei oder vier R\u00e4der, ob 400 Pferdest\u00e4rken oder 7,5 Tonnen, Alltagsfahrzeug oder Freizeitmobil, wir k\u00fcmmern uns bei Ihrem Fahrzeug um den Aspekt den wir unsere K\u00f6nigsdisziplin nennen: ein gl\u00e4nzendes Ergebnis! Lackaufbereitung &#8211; Wir frischen jeden Lack jeden Alters auf! Versiegelung &#8211; Keramikversiegelung auf h\u00f6chstem Niveau in perfektionistischer Qualit\u00e4t Trockeneisreinigung &#8211; Trockeneisreinigung&nbsp;mit -78\u00b0C (CO2) [&hellip;]","og_url":"https:\/\/glanzstation.de\/","og_site_name":"Glanzstation","article_modified_time":"2024-06-25T10:31:39+00:00","og_image":[{"width":1440,"height":1081,"url":"http:\/\/glanzstation.de\/wp-content\/uploads\/2021\/05\/118949788_712365632685583_8974519789172613121_n.jpg","type":"image\/jpeg"}],"twitter_card":"summary_large_image","twitter_misc":{"Gesch\u00e4tzte Lesezeit":"1\u00a0Minute"},"schema":{"@context":"https:\/\/schema.org","@graph":[{"@type":"WebPage","@id":"https:\/\/glanzstation.de\/","url":"https:\/\/glanzstation.de\/","name":"Willkommen bei der GlanzStation - Glanzstation","isPartOf":{"@id":"\/#website"},"primaryImageOfPage":{"@id":"https:\/\/glanzstation.de\/#primaryimage"},"image":{"@id":"https:\/\/glanzstation.de\/#primaryimage"},"thumbnailUrl":"https:\/\/glanzstation.de\/wp-content\/uploads\/2021\/05\/118949788_712365632685583_8974519789172613121_n.jpg","datePublished":"2021-04-29T18:26:22+00:00","dateModified":"2024-06-25T10:31:39+00:00","inLanguage":"de","potentialAction":[{"@type":"ReadAction","target":["https:\/\/glanzstation.de\/"]}]},{"@type":"ImageObject","inLanguage":"de","@id":"https:\/\/glanzstation.de\/#primaryimage","url":"https:\/\/glanzstation.de\/wp-content\/uploads\/2021\/05\/118949788_712365632685583_8974519789172613121_n.jpg","contentUrl":"https:\/\/glanzstation.de\/wp-content\/uploads\/2021\/05\/118949788_712365632685583_8974519789172613121_n.jpg","width":1440,"height":1081},{"@type":"WebSite","@id":"\/#website","url":"\/","name":"Glanzstation","description":"Professionelle Fahrzeugpflege und Aufbereitung","publisher":{"@id":"\/#organization"},"potentialAction":[{"@type":"SearchAction","target":{"@type":"EntryPoint","urlTemplate":"\/?s={search_term_string}"},"query-input":{"@type":"PropertyValueSpecification","valueRequired":true,"valueName":"search_term_string"}}],"inLanguage":"de"},{"@type":"Organization","@id":"\/#organization","name":"Glanzstation","url":"\/","logo":{"@type":"ImageObject","inLanguage":"de","@id":"\/#\/schema\/logo\/image\/","url":"https:\/\/glanzstation.de\/wp-content\/uploads\/2021\/04\/logo200_t.png","contentUrl":"https:\/\/glanzstation.de\/wp-content\/uploads\/2021\/04\/logo200_t.png","width":200,"height":88,"caption":"Glanzstation"},"image":{"@id":"\/#\/schema\/logo\/image\/"}}]}},"jetpack_sharing_enabled":true,"_links":{"self":[{"href":"https:\/\/glanzstation.de\/index.php\/wp-json\/wp\/v2\/pages\/2","targetHints":{"allow":["GET"]}}],"collection":[{"href":"https:\/\/glanzstation.de\/index.php\/wp-json\/wp\/v2\/pages"}],"about":[{"href":"https:\/\/glanzstation.de\/index.php\/wp-json\/wp\/v2\/types\/page"}],"author":[{"embeddable":true,"href":"https:\/\/glanzstation.de\/index.php\/wp-json\/wp\/v2\/users\/4"}],"replies":[{"embeddable":true,"href":"https:\/\/glanzstation.de\/index.php\/wp-json\/wp\/v2\/comments?post=2"}],"version-history":[{"count":12,"href":"https:\/\/glanzstation.de\/index.php\/wp-json\/wp\/v2\/pages\/2\/revisions"}],"predecessor-version":[{"id":1067,"href":"https:\/\/glanzstation.de\/index.php\/wp-json\/wp\/v2\/pages\/2\/revisions\/1067"}],"wp:featuredmedia":[{"embeddable":true,"href":"https:\/\/glanzstation.de\/index.php\/wp-json\/wp\/v2\/media\/602"}],"wp:attachment":[{"href":"https:\/\/glanzstation.de\/index.php\/wp-json\/wp\/v2\/media?parent=2"}],"curies":[{"name":"wp","href":"https:\/\/api.w.org\/{rel}","templated":true}]}}